{"id":2310,"date":"2016-04-07T09:13:19","date_gmt":"2016-04-07T09:13:19","guid":{"rendered":"http:\/\/themes.muffingroup.com\/be\/eco\/?page_id=2"},"modified":"2022-09-15T22:42:36","modified_gmt":"2022-09-15T20:42:36","slug":"home","status":"publish","type":"page","link":"https:\/\/rplpmaierus.ro\/","title":{"rendered":"Home"},"content":{"rendered":"<p><strong>RPLP MAIERUS RA\u00a0 a aprobat un set de m\u0103suri ce presupun schimbarea modului de lucru cu publicul, pentru prevenirea r\u0103sp\u00e2ndirii infec\u021biei cu noul tip de coronavirus (COVID-19).<\/strong><\/p>\n<p><strong>Astfel, \u00een perioada 18.03 &#8211; 31.03.2020, activitatea de rela\u021bii cu publicul la institu\u021bie, se va desf\u0103\u0219ura f\u0103r\u0103 interac\u021biunea direct\u0103 a angaja\u021bilor cu persoanele din afara institu\u021biei.<\/strong><\/p>\n<p><strong>Cet\u0103\u021benii care vor s\u0103 solicite informa\u021bii sau s\u0103 desf\u0103\u0219oare alte activit\u0103\u021bi de rela\u021bii cu publicul- audien\u021be, peti\u021bii, etc \u2013 pot apela telefonic la numarul 0268284906 sau transmite prin po\u0219ta electronic\u0103 la adresa de email <\/strong><a href=\"mailto:CONTACT@RPLPMAIERUS.RO\"><strong>contact@rplpmaierus.ro<\/strong><\/a><strong> , documenta\u021biile aferente.<\/strong><\/p>\n<p><strong>Documentele emise de RPLP MAIERUS RA vor fi transmise c\u0103tre solicitan\u021bi prin po\u0219t\u0103 electronica, fax, po\u0219t\u0103\/curierat.<\/strong><\/p>\n<p><strong>\u00cen func\u021bie de evolu\u021bia situa\u021biei la nivel na\u021bional, m\u0103surile pot fi prelungite pentru o perioad\u0103 ce va fi stabilit\u0103 ulterior.<\/strong><\/p>\n","protected":false},"excerpt":{"rendered":"<p>RPLP MAIERUS RA\u00a0 a aprobat un set de m\u0103suri ce presupun schimbarea modului de lucru cu publicul, pentru prevenirea r\u0103sp\u00e2ndirii infec\u021biei cu noul tip de coronavirus<span class=\"excerpt-hellip\"> [\u2026]<\/span><\/p>\n","protected":false},"author":6,"featured_media":0,"parent":0,"menu_order":0,"comment_status":"closed","ping_status":"open","template":"","meta":{"footnotes":""},"_links":{"self":[{"href":"https:\/\/rplpmaierus.ro\/index.php\/wp-json\/wp\/v2\/pages\/2310"}],"collection":[{"href":"https:\/\/rplpmaierus.ro\/index.php\/wp-json\/wp\/v2\/pages"}],"about":[{"href":"https:\/\/rplpmaierus.ro\/index.php\/wp-json\/wp\/v2\/types\/page"}],"author":[{"embeddable":true,"href":"https:\/\/rplpmaierus.ro\/index.php\/wp-json\/wp\/v2\/users\/6"}],"replies":[{"embeddable":true,"href":"https:\/\/rplpmaierus.ro\/index.php\/wp-json\/wp\/v2\/comments?post=2310"}],"version-history":[{"count":3,"href":"https:\/\/rplpmaierus.ro\/index.php\/wp-json\/wp\/v2\/pages\/2310\/revisions"}],"predecessor-version":[{"id":3568,"href":"https:\/\/rplpmaierus.ro\/index.php\/wp-json\/wp\/v2\/pages\/2310\/revisions\/3568"}],"wp:attachment":[{"href":"https:\/\/rplpmaierus.ro\/index.php\/wp-json\/wp\/v2\/media?parent=2310"}],"curies":[{"name":"wp","href":"https:\/\/api.w.org\/{rel}","templated":true}]}}